{"id":171,"date":"2018-07-17T17:08:37","date_gmt":"2018-07-17T15:08:37","guid":{"rendered":"https:\/\/cb-kunst.dk\/?page_id=171"},"modified":"2025-10-26T02:44:22","modified_gmt":"2025-10-26T00:44:22","slug":"om","status":"publish","type":"page","link":"https:\/\/cb-kunst.dk\/en\/om\/","title":{"rendered":"About"},"content":{"rendered":"<div data-elementor-type=\"wp-post\" data-elementor-id=\"171\" class=\"elementor elementor-171\">\n\t\t\t\t\t\t<section class=\"elementor-section elementor-top-section elementor-element elementor-element-e6e83f9 elementor-section-boxed elementor-section-height-default elementor-section-height-default elementor-invisible\" data-id=\"e6e83f9\" data-element_type=\"section\" data-settings=\"{&quot;animation&quot;:&quot;fadeIn&quot;}\">\n\t\t\t\t\t\t<div class=\"elementor-container elementor-column-gap-default\">\n\t\t\t\t\t<div class=\"elementor-column elementor-col-100 elementor-top-column elementor-element elementor-element-723441c\" data-id=\"723441c\" data-element_type=\"column\">\n\t\t\t<div class=\"elementor-widget-wrap elementor-element-populated\">\n\t\t\t\t\t\t<section class=\"elementor-section elementor-inner-section elementor-element elementor-element-9a8293b elementor-section-boxed elementor-section-height-default elementor-section-height-default\" data-id=\"9a8293b\" data-element_type=\"section\">\n\t\t\t\t\t\t<div class=\"elementor-container elementor-column-gap-default\">\n\t\t\t\t\t<div class=\"elementor-column elementor-col-50 elementor-inner-column elementor-element elementor-element-aca378a\" data-id=\"aca378a\" data-element_type=\"column\">\n\t\t\t<div class=\"elementor-widget-wrap elementor-element-populated\">\n\t\t\t\t\t\t<div class=\"elementor-element elementor-element-49dd3da elementor-widget elementor-widget-image\" data-id=\"49dd3da\" data-element_type=\"widget\" data-widget_type=\"image.default\">\n\t\t\t\t<div class=\"elementor-widget-container\">\n\t\t\t\t\t\t\t\t\t\t\t\t\t<img fetchpriority=\"high\" decoding=\"async\" width=\"212\" height=\"300\" src=\"https:\/\/cb-kunst.dk\/wp-content\/uploads\/2018\/07\/CB-med-maleri.jpg\" class=\"attachment-medium size-medium wp-image-38\" alt=\"\" \/>\t\t\t\t\t\t\t\t\t\t\t\t\t<\/div>\n\t\t\t\t<\/div>\n\t\t\t\t\t<\/div>\n\t\t<\/div>\n\t\t\t\t<div class=\"elementor-column elementor-col-50 elementor-inner-column elementor-element elementor-element-f4b08eb\" data-id=\"f4b08eb\" data-element_type=\"column\">\n\t\t\t<div class=\"elementor-widget-wrap elementor-element-populated\">\n\t\t\t\t\t\t<div class=\"elementor-element elementor-element-4317997 elementor-widget elementor-widget-heading\" data-id=\"4317997\" data-element_type=\"widget\" data-widget_type=\"heading.default\">\n\t\t\t\t<div class=\"elementor-widget-container\">\n\t\t\t<h1 class=\"elementor-heading-title elementor-size-default\">The artist<\/h1>\t\t<\/div>\n\t\t\t\t<\/div>\n\t\t\t\t<div class=\"elementor-element elementor-element-86ed821 elementor-widget elementor-widget-text-editor\" data-id=\"86ed821\" data-element_type=\"widget\" data-widget_type=\"text-editor.default\">\n\t\t\t\t<div class=\"elementor-widget-container\">\n\t\t\t\t\t\t\t<p style=\"text-align: center;\">Charlotte Bjorlig, born in 1971<br \/>Educated Art teacher in 1997<br \/>Continuously qualified with courses in eg. croquis drawing and painting.<br \/>Underviser i billedkunst p\u00e5 valghold og p\u00e5 workshops.<br \/>Studio in Lynge<br \/>Galleri i R\u00f8rholmsgade 19 th, 1352 Kbh. K.<\/p>\t\t\t\t\t\t<\/div>\n\t\t\t\t<\/div>\n\t\t\t\t\t<\/div>\n\t\t<\/div>\n\t\t\t\t\t<\/div>\n\t\t<\/section>\n\t\t\t\t<div class=\"elementor-element elementor-element-23f33d9 elementor-widget elementor-widget-spacer\" data-id=\"23f33d9\" data-element_type=\"widget\" data-widget_type=\"spacer.default\">\n\t\t\t\t<div class=\"elementor-widget-container\">\n\t\t\t\t\t<div class=\"elementor-spacer\">\n\t\t\t<div class=\"elementor-spacer-inner\"><\/div>\n\t\t<\/div>\n\t\t\t\t<\/div>\n\t\t\t\t<\/div>\n\t\t\t\t<div class=\"elementor-element elementor-element-709473b elementor-widget elementor-widget-heading\" data-id=\"709473b\" data-element_type=\"widget\" data-widget_type=\"heading.default\">\n\t\t\t\t<div class=\"elementor-widget-container\">\n\t\t\t<h3 class=\"elementor-heading-title elementor-size-default\">The art<\/h3>\t\t<\/div>\n\t\t\t\t<\/div>\n\t\t\t\t<div class=\"elementor-element elementor-element-1739397 elementor-widget elementor-widget-text-editor\" data-id=\"1739397\" data-element_type=\"widget\" data-widget_type=\"text-editor.default\">\n\t\t\t\t<div class=\"elementor-widget-container\">\n\t\t\t\t\t\t\t<p>A painting is only truly finished when it achieves a delicate balance \u2014 <strong>poetry and power<\/strong> - the raw and the refined, the stories told, and the ones left unspoken...<\/p><p>There must always be something for the observer to explore.<\/p><p>I often build up the paintings in several layers, before adding the last layers of oil paint. e.g I build up the base of the painting with pulp, old book pages, cut outs of old newspapers or posters. In this way there are fragments of both culture and language mixed in with the stories. Although the paitings are ambiguous, nature and time oftens plays a central part - both Mother nature and the human nature.<\/p><p>Kirsten Marie Hedeland, art writer at the Art magazine Kunstavisen, wrote about my paintings and said:<\/p><p><em>\u201d\u2026 Oozes of volcanic energy and Southern ambiance. In her works, the story lies in the motifs, which are centered on music, landscapes and, in particular, man told in a poetically embracing idiom. There is a good composition in Charlotte's paintings, which are to the extent of color saturation, but in which the colors harmonize harmoniously. We move to the warm end of the color range, where you can really feel the passion and spark of life. The rustic touch and the golden colors lead one's thoughts towards the warmth and temperament of the south. \"<\/em><\/p><p>When traveling south it is mostly Italy calling, and for the past 10-12 years I have spent part of the summer in Tuscany, where I am constantly inspired by the rustic structures, colors, language and traces of time passing ... <br \/>Also up north in Iceland I find great inspiration in the raw and natural landscapes - soon I will travel there again.<\/p>\t\t\t\t\t\t<\/div>\n\t\t\t\t<\/div>\n\t\t\t\t\t<\/div>\n\t\t<\/div>\n\t\t\t\t\t<\/div>\n\t\t<\/section>\n\t\t\t\t<\/div>","protected":false},"excerpt":{"rendered":"<p>Kunstneren Charlotte Bj\u00f8rlig, f\u00f8dt 1971Uddannet billedkunstl\u00e6rer i 1997L\u00f8bende dygtiggjort mig inden for bl.a. croquistegning og maleri.Underviser i billedkunst p\u00e5 valghold og p\u00e5 workshops.Atelier i LyngeGalleri i R\u00f8rholmsgade 19 th, 1352 Kbh. K. Kunsten Maleriet er f\u00f8rst helt p\u00e5 plads, n\u00e5r det har balancen mellem poesi og power \u2013 mellem det r\u00e5 og det fine, fort\u00e6llingerne [&hellip;]<\/p>","protected":false},"author":1,"featured_media":0,"parent":0,"menu_order":0,"comment_status":"closed","ping_status":"closed","template":"","meta":{"inline_featured_image":false,"footnotes":""},"_links":{"self":[{"href":"https:\/\/cb-kunst.dk\/en\/wp-json\/wp\/v2\/pages\/171"}],"collection":[{"href":"https:\/\/cb-kunst.dk\/en\/wp-json\/wp\/v2\/pages"}],"about":[{"href":"https:\/\/cb-kunst.dk\/en\/wp-json\/wp\/v2\/types\/page"}],"author":[{"embeddable":true,"href":"https:\/\/cb-kunst.dk\/en\/wp-json\/wp\/v2\/users\/1"}],"replies":[{"embeddable":true,"href":"https:\/\/cb-kunst.dk\/en\/wp-json\/wp\/v2\/comments?post=171"}],"version-history":[{"count":21,"href":"https:\/\/cb-kunst.dk\/en\/wp-json\/wp\/v2\/pages\/171\/revisions"}],"predecessor-version":[{"id":1049,"href":"https:\/\/cb-kunst.dk\/en\/wp-json\/wp\/v2\/pages\/171\/revisions\/1049"}],"wp:attachment":[{"href":"https:\/\/cb-kunst.dk\/en\/wp-json\/wp\/v2\/media?parent=171"}],"curies":[{"name":"wp","href":"https:\/\/api.w.org\/{rel}","templated":true}]}}