{"id":181,"date":"2018-07-17T18:41:25","date_gmt":"2018-07-17T16:41:25","guid":{"rendered":"https:\/\/cb-kunst.dk\/?page_id=181"},"modified":"2020-10-13T15:23:10","modified_gmt":"2020-10-13T13:23:10","slug":"priser","status":"publish","type":"page","link":"https:\/\/cb-kunst.dk\/en\/priser\/","title":{"rendered":"Prices"},"content":{"rendered":"<div data-elementor-type=\"wp-post\" data-elementor-id=\"181\" class=\"elementor elementor-181\">\n\t\t\t\t\t\t<section class=\"elementor-section elementor-top-section elementor-element elementor-element-a12b9bb elementor-section-boxed elementor-section-height-default elementor-section-height-default elementor-invisible\" data-id=\"a12b9bb\" data-element_type=\"section\" data-settings=\"{&quot;animation&quot;:&quot;fadeIn&quot;}\">\n\t\t\t\t\t\t<div class=\"elementor-container elementor-column-gap-default\">\n\t\t\t\t\t<div class=\"elementor-column elementor-col-100 elementor-top-column elementor-element elementor-element-42fed01\" data-id=\"42fed01\" data-element_type=\"column\">\n\t\t\t<div class=\"elementor-widget-wrap elementor-element-populated\">\n\t\t\t\t\t\t<section class=\"elementor-section elementor-inner-section elementor-element elementor-element-95cab20 elementor-section-boxed elementor-section-height-default elementor-section-height-default\" data-id=\"95cab20\" data-element_type=\"section\">\n\t\t\t\t\t\t<div class=\"elementor-container elementor-column-gap-default\">\n\t\t\t\t\t<div class=\"elementor-column elementor-col-100 elementor-inner-column elementor-element elementor-element-a8ad0fe\" data-id=\"a8ad0fe\" data-element_type=\"column\">\n\t\t\t<div class=\"elementor-widget-wrap elementor-element-populated\">\n\t\t\t\t\t\t<div class=\"elementor-element elementor-element-49b4c61 elementor-widget elementor-widget-heading\" data-id=\"49b4c61\" data-element_type=\"widget\" data-widget_type=\"heading.default\">\n\t\t\t\t<div class=\"elementor-widget-container\">\n\t\t\t<h1 class=\"elementor-heading-title elementor-size-default\">Prices<\/h1>\t\t<\/div>\n\t\t\t\t<\/div>\n\t\t\t\t\t<\/div>\n\t\t<\/div>\n\t\t\t\t\t<\/div>\n\t\t<\/section>\n\t\t\t\t\t<\/div>\n\t\t<\/div>\n\t\t\t\t\t<\/div>\n\t\t<\/section>\n\t\t\t\t<section class=\"elementor-section elementor-top-section elementor-element elementor-element-20ae57d elementor-section-boxed elementor-section-height-default elementor-section-height-default elementor-invisible\" data-id=\"20ae57d\" data-element_type=\"section\" data-settings=\"{&quot;animation&quot;:&quot;fadeIn&quot;}\">\n\t\t\t\t\t\t<div class=\"elementor-container elementor-column-gap-default\">\n\t\t\t\t\t<div class=\"elementor-column elementor-col-100 elementor-top-column elementor-element elementor-element-42aab8b\" data-id=\"42aab8b\" data-element_type=\"column\">\n\t\t\t<div class=\"elementor-widget-wrap elementor-element-populated\">\n\t\t\t\t\t\t<div class=\"elementor-element elementor-element-f925ad7 elementor-widget elementor-widget-text-editor\" data-id=\"f925ad7\" data-element_type=\"widget\" data-widget_type=\"text-editor.default\">\n\t\t\t\t<div class=\"elementor-widget-container\">\n\t\t\t\t\t\t\t<p style=\"text-align: center;\">The prices can vary a bit depending on media, framing a.s.o. You can get an idea about the price level below.\nI sometimes do commissioned work - you are welcome to contact me for further information<\/p><p style=\"text-align: center;\">If you buy a painting and regret it, you can always return it within 14 days (in the same good shape as when you bought it), and I will return the payment.<\/p>\t\t\t\t\t\t<\/div>\n\t\t\t\t<\/div>\n\t\t\t\t<div class=\"elementor-element elementor-element-2d9f945 elementor-widget elementor-widget-spacer\" data-id=\"2d9f945\" data-element_type=\"widget\" data-widget_type=\"spacer.default\">\n\t\t\t\t<div class=\"elementor-widget-container\">\n\t\t\t\t\t<div class=\"elementor-spacer\">\n\t\t\t<div class=\"elementor-spacer-inner\"><\/div>\n\t\t<\/div>\n\t\t\t\t<\/div>\n\t\t\t\t<\/div>\n\t\t\t\t\t<\/div>\n\t\t<\/div>\n\t\t\t\t\t<\/div>\n\t\t<\/section>\n\t\t\t\t<section class=\"elementor-section elementor-top-section elementor-element elementor-element-b9f0fc7 elementor-section-boxed elementor-section-height-default elementor-section-height-default elementor-invisible\" data-id=\"b9f0fc7\" data-element_type=\"section\" data-settings=\"{&quot;animation&quot;:&quot;fadeIn&quot;}\">\n\t\t\t\t\t\t<div class=\"elementor-container elementor-column-gap-default\">\n\t\t\t\t\t<div class=\"elementor-column elementor-col-33 elementor-top-column elementor-element elementor-element-df5766d\" data-id=\"df5766d\" data-element_type=\"column\">\n\t\t\t<div class=\"elementor-widget-wrap elementor-element-populated\">\n\t\t\t\t\t\t<div class=\"elementor-element elementor-element-57072dd elementor-widget elementor-widget-text-editor\" data-id=\"57072dd\" data-element_type=\"widget\" data-widget_type=\"text-editor.default\">\n\t\t\t\t<div class=\"elementor-widget-container\">\n\t\t\t\t\t\t\t<h2 style=\"text-align: center;\"><strong>30 x 40<\/strong><\/h2><div style=\"text-align: center;\"><strong>2.200 &#8211; 3.200 kr.<\/strong><\/div>\t\t\t\t\t\t<\/div>\n\t\t\t\t<\/div>\n\t\t\t\t\t<\/div>\n\t\t<\/div>\n\t\t\t\t<div class=\"elementor-column elementor-col-33 elementor-top-column elementor-element elementor-element-302a66c\" data-id=\"302a66c\" data-element_type=\"column\">\n\t\t\t<div class=\"elementor-widget-wrap elementor-element-populated\">\n\t\t\t\t\t\t<div class=\"elementor-element elementor-element-9e8cec0 elementor-widget elementor-widget-text-editor\" data-id=\"9e8cec0\" data-element_type=\"widget\" data-widget_type=\"text-editor.default\">\n\t\t\t\t<div class=\"elementor-widget-container\">\n\t\t\t\t\t\t\t<h2 style=\"text-align: center;\"><strong>30 x 80<\/strong><\/h2><div style=\"text-align: center;\"><strong>3.400 &#8211; 4.400 kr.<\/strong><\/div>\t\t\t\t\t\t<\/div>\n\t\t\t\t<\/div>\n\t\t\t\t\t<\/div>\n\t\t<\/div>\n\t\t\t\t<div class=\"elementor-column elementor-col-33 elementor-top-column elementor-element elementor-element-2094722\" data-id=\"2094722\" data-element_type=\"column\">\n\t\t\t<div class=\"elementor-widget-wrap elementor-element-populated\">\n\t\t\t\t\t\t<div class=\"elementor-element elementor-element-54d9375 elementor-widget elementor-widget-text-editor\" data-id=\"54d9375\" data-element_type=\"widget\" data-widget_type=\"text-editor.default\">\n\t\t\t\t<div class=\"elementor-widget-container\">\n\t\t\t\t\t\t\t<h2 style=\"text-align: center;\"><strong>60 x 60<\/strong><\/h2><div style=\"text-align: center;\"><strong>4.000- 4.900 kr.<\/strong><\/div>\t\t\t\t\t\t<\/div>\n\t\t\t\t<\/div>\n\t\t\t\t\t<\/div>\n\t\t<\/div>\n\t\t\t\t\t<\/div>\n\t\t<\/section>\n\t\t\t\t<section class=\"elementor-section elementor-top-section elementor-element elementor-element-4f2eb28 elementor-section-boxed elementor-section-height-default elementor-section-height-default elementor-invisible\" data-id=\"4f2eb28\" data-element_type=\"section\" data-settings=\"{&quot;animation&quot;:&quot;fadeIn&quot;}\">\n\t\t\t\t\t\t<div class=\"elementor-container elementor-column-gap-default\">\n\t\t\t\t\t<div class=\"elementor-column elementor-col-33 elementor-top-column elementor-element elementor-element-2eae21c\" data-id=\"2eae21c\" data-element_type=\"column\">\n\t\t\t<div class=\"elementor-widget-wrap elementor-element-populated\">\n\t\t\t\t\t\t<div class=\"elementor-element elementor-element-92893ba elementor-widget elementor-widget-text-editor\" data-id=\"92893ba\" data-element_type=\"widget\" data-widget_type=\"text-editor.default\">\n\t\t\t\t<div class=\"elementor-widget-container\">\n\t\t\t\t\t\t\t<h2 style=\"text-align: center;\"><strong>60 x 80<\/strong><\/h2><div style=\"text-align: center;\"><strong>4.900 &#8211; 5.900 kr.<\/strong><\/div>\t\t\t\t\t\t<\/div>\n\t\t\t\t<\/div>\n\t\t\t\t\t<\/div>\n\t\t<\/div>\n\t\t\t\t<div class=\"elementor-column elementor-col-33 elementor-top-column elementor-element elementor-element-99e20ae\" data-id=\"99e20ae\" data-element_type=\"column\">\n\t\t\t<div class=\"elementor-widget-wrap elementor-element-populated\">\n\t\t\t\t\t\t<div class=\"elementor-element elementor-element-c329864 elementor-widget elementor-widget-text-editor\" data-id=\"c329864\" data-element_type=\"widget\" data-widget_type=\"text-editor.default\">\n\t\t\t\t<div class=\"elementor-widget-container\">\n\t\t\t\t\t\t\t<h2 style=\"text-align: center;\"><strong>80 x 100<\/strong><\/h2><div style=\"text-align: center;\"><strong>6.900 &#8211; 8.000 kr.<\/strong><\/div>\t\t\t\t\t\t<\/div>\n\t\t\t\t<\/div>\n\t\t\t\t\t<\/div>\n\t\t<\/div>\n\t\t\t\t<div class=\"elementor-column elementor-col-33 elementor-top-column elementor-element elementor-element-ba5b008\" data-id=\"ba5b008\" data-element_type=\"column\">\n\t\t\t<div class=\"elementor-widget-wrap elementor-element-populated\">\n\t\t\t\t\t\t<div class=\"elementor-element elementor-element-1b139a8 elementor-widget elementor-widget-text-editor\" data-id=\"1b139a8\" data-element_type=\"widget\" data-widget_type=\"text-editor.default\">\n\t\t\t\t<div class=\"elementor-widget-container\">\n\t\t\t\t\t\t\t<h2 style=\"text-align: center;\"><strong>100 x 120<\/strong><\/h2><div style=\"text-align: center;\"><strong>9.900 &#8211; 11.000 kr.<\/strong><\/div>\t\t\t\t\t\t<\/div>\n\t\t\t\t<\/div>\n\t\t\t\t\t<\/div>\n\t\t<\/div>\n\t\t\t\t\t<\/div>\n\t\t<\/section>\n\t\t\t\t<section class=\"elementor-section elementor-top-section elementor-element elementor-element-dfa464c elementor-section-boxed elementor-section-height-default elementor-section-height-default\" data-id=\"dfa464c\" data-element_type=\"section\">\n\t\t\t\t\t\t<div class=\"elementor-container elementor-column-gap-default\">\n\t\t\t\t\t<div class=\"elementor-column elementor-col-100 elementor-top-column elementor-element elementor-element-91dede0\" data-id=\"91dede0\" data-element_type=\"column\">\n\t\t\t<div class=\"elementor-widget-wrap elementor-element-populated\">\n\t\t\t\t\t\t<div class=\"elementor-element elementor-element-8165091 elementor-widget elementor-widget-spacer\" data-id=\"8165091\" data-element_type=\"widget\" data-widget_type=\"spacer.default\">\n\t\t\t\t<div class=\"elementor-widget-container\">\n\t\t\t\t\t<div class=\"elementor-spacer\">\n\t\t\t<div class=\"elementor-spacer-inner\"><\/div>\n\t\t<\/div>\n\t\t\t\t<\/div>\n\t\t\t\t<\/div>\n\t\t\t\t<div class=\"elementor-element elementor-element-5694105 elementor-widget elementor-widget-heading\" data-id=\"5694105\" data-element_type=\"widget\" data-widget_type=\"heading.default\">\n\t\t\t\t<div class=\"elementor-widget-container\">\n\t\t\t<h3 class=\"elementor-heading-title elementor-size-default\">Terms and Conditions<\/h3>\t\t<\/div>\n\t\t\t\t<\/div>\n\t\t\t\t<div class=\"elementor-element elementor-element-befa267 elementor-widget elementor-widget-text-editor\" data-id=\"befa267\" data-element_type=\"widget\" data-widget_type=\"text-editor.default\">\n\t\t\t\t<div class=\"elementor-widget-container\">\n\t\t\t\t\t\t\t<p style=\"text-align: center;\"><strong>14-Day Full Return Policy<\/strong><br \/>You are welcome to have the painting in your home for up to 14 days to see how it fits in.\nYou pay the price of the painting upfront, but will receive a full refund if you return it within 14 days in the same condition as when you received it.<\/p><p style=\"text-align: center;\"><strong>Payment <br \/><\/strong>You can pay via MobilePay, bank transfer, or cash.\nPayment in instalments can also be arranged by agreement.<\/p><p style=\"text-align: center;\"><strong>Shipping and Delivery<\/strong><br \/>If you would like the painting delivered, the buyer is responsible for shipping costs.\nI ensure the painting is carefully packaged and ship it once payment has been received.\nUpon delivery, please check the painting immediately to ensure it is intact.\nAny damage must be reported within 3 days of receipt; after this period, the right to make a claim expires.\nIf you wish to cancel your purchase, the painting can be returned within 14 days for a full refund, provided it is undamaged.\nThe buyer is responsible for the cost and safe return shipping of the painting.<\/p><p style=\"text-align: center;\"><strong>Commissions<\/strong><br \/>Commissions\nI regularly create commissioned works based on individual wishes \u2014 an exciting process that involves ongoing dialogue until the result matches your expectations.\nAt the start of the collaboration, we agree on the price, and half of the amount is paid as a deposit to cover materials and preparation.\nYou are not obliged to purchase the commissioned work if it does not meet your expectations, and the deposit will then be refunded.\n(\u2026So far, I\u2019ve never had a client who wasn\u2019t happy with their commissioned piece \u2014 but you never know!)\nThe remaining balance is paid upon delivery of the finished painting.<\/p>\t\t\t\t\t\t<\/div>\n\t\t\t\t<\/div>\n\t\t\t\t\t<\/div>\n\t\t<\/div>\n\t\t\t\t\t<\/div>\n\t\t<\/section>\n\t\t\t\t<\/div>","protected":false},"excerpt":{"rendered":"<p>Priser Priserne kan variere en smule alt efter malemedie og evt. indramning, men vejledende priser kan ses herunder. Ved bestillingsarbejder aftales pris p\u00e5 forh\u00e5nd, og man er ikke forpligtet til at k\u00f8be et v\u00e6rk, hvis det ikke er som \u00f8nsket \u2013 jeg \u00f8nsker kun tilfredse og glade k\u00f8bere. Man har altid 14 dages fuld returret, [&hellip;]<\/p>","protected":false},"author":1,"featured_media":0,"parent":0,"menu_order":0,"comment_status":"closed","ping_status":"closed","template":"","meta":{"inline_featured_image":false,"footnotes":""},"_links":{"self":[{"href":"https:\/\/cb-kunst.dk\/en\/wp-json\/wp\/v2\/pages\/181"}],"collection":[{"href":"https:\/\/cb-kunst.dk\/en\/wp-json\/wp\/v2\/pages"}],"about":[{"href":"https:\/\/cb-kunst.dk\/en\/wp-json\/wp\/v2\/types\/page"}],"author":[{"embeddable":true,"href":"https:\/\/cb-kunst.dk\/en\/wp-json\/wp\/v2\/users\/1"}],"replies":[{"embeddable":true,"href":"https:\/\/cb-kunst.dk\/en\/wp-json\/wp\/v2\/comments?post=181"}],"version-history":[{"count":23,"href":"https:\/\/cb-kunst.dk\/en\/wp-json\/wp\/v2\/pages\/181\/revisions"}],"predecessor-version":[{"id":661,"href":"https:\/\/cb-kunst.dk\/en\/wp-json\/wp\/v2\/pages\/181\/revisions\/661"}],"wp:attachment":[{"href":"https:\/\/cb-kunst.dk\/en\/wp-json\/wp\/v2\/media?parent=181"}],"curies":[{"name":"wp","href":"https:\/\/api.w.org\/{rel}","templated":true}]}}